{"id":6,"date":"2021-06-21T19:10:33","date_gmt":"2021-06-21T19:10:33","guid":{"rendered":"https:\/\/user2.dmkproject.pl\/wordpress6\/?page_id=6"},"modified":"2021-06-21T19:10:33","modified_gmt":"2021-06-21T19:10:33","slug":"o-nas","status":"publish","type":"page","link":"https:\/\/user2.dmkproject.pl\/wordpress6\/index.php\/o-nas\/","title":{"rendered":"O nas"},"content":{"rendered":"\n<p>Mo\u017cesz by\u0107 artyst\u0105, kt\u00f3ry chcia\u0142by przedstawi\u0107 siebie i swoj\u0105 prac\u0119, a mo\u017ce to strona firmowa, a sama firma ma misj\u0119 do opisania.<\/p>\n","protected":false},"excerpt":{"rendered":"<p>Mo\u017cesz by\u0107 artyst\u0105, kt\u00f3ry chcia\u0142by przedstawi\u0107 siebie i swoj\u0105 prac\u0119, a mo\u017ce to strona firmowa, a sama firma ma misj\u0119 do opisania.<\/p>\n","protected":false},"author":1,"featured_media":0,"parent":0,"menu_order":0,"comment_status":"closed","ping_status":"closed","template":"","meta":{"footnotes":""},"class_list":["post-6","page","type-page","status-publish","hentry","entry"],"_links":{"self":[{"href":"https:\/\/user2.dmkproject.pl\/wordpress6\/index.php\/wp-json\/wp\/v2\/pages\/6","targetHints":{"allow":["GET"]}}],"collection":[{"href":"https:\/\/user2.dmkproject.pl\/wordpress6\/index.php\/wp-json\/wp\/v2\/pages"}],"about":[{"href":"https:\/\/user2.dmkproject.pl\/wordpress6\/index.php\/wp-json\/wp\/v2\/types\/page"}],"author":[{"embeddable":true,"href":"https:\/\/user2.dmkproject.pl\/wordpress6\/index.php\/wp-json\/wp\/v2\/users\/1"}],"replies":[{"embeddable":true,"href":"https:\/\/user2.dmkproject.pl\/wordpress6\/index.php\/wp-json\/wp\/v2\/comments?post=6"}],"version-history":[{"count":1,"href":"https:\/\/user2.dmkproject.pl\/wordpress6\/index.php\/wp-json\/wp\/v2\/pages\/6\/revisions"}],"predecessor-version":[{"id":11,"href":"https:\/\/user2.dmkproject.pl\/wordpress6\/index.php\/wp-json\/wp\/v2\/pages\/6\/revisions\/11"}],"wp:attachment":[{"href":"https:\/\/user2.dmkproject.pl\/wordpress6\/index.php\/wp-json\/wp\/v2\/media?parent=6"}],"curies":[{"name":"wp","href":"https:\/\/api.w.org\/{rel}","templated":true}]}}